{"id":10,"date":"2020-12-16T14:42:14","date_gmt":"2020-12-16T13:42:14","guid":{"rendered":"http:\/\/www.taglioni.net\/cms\/?page_id=10"},"modified":"2021-01-29T14:26:49","modified_gmt":"2021-01-29T13:26:49","slug":"francois-taglioni","status":"publish","type":"page","link":"http:\/\/www.taglioni.net\/cms\/","title":{"rendered":"Pr. Fran\u00e7ois Taglioni"},"content":{"rendered":"\n<h3 class=\"wp-block-heading\">Universit\u00e9 de La R\u00e9union<\/h3>\n\n\n\n<div class=\"wp-block-image\"><figure class=\"aligncenter size-large is-resized\"><img loading=\"lazy\" decoding=\"async\" src=\"http:\/\/www.taglioni.net\/tagident.jpg\" alt=\"\" width=\"107\" height=\"180\"\/><\/figure><\/div>\n\n\n\n<figure class=\"wp-block-table\"><table class=\"has-subtle-light-gray-background-color has-background\"><tbody><tr><td class=\"has-text-align-center\" data-align=\"center\"><a href=\"http:\/\/www.taglioni.net\/cms\/activites-scientifiques\/\"><strong>Activit\u00e9s scientifiques<\/strong><\/a><\/td><td class=\"has-text-align-center\" data-align=\"center\"><a href=\"http:\/\/www.taglioni.net\/cms\/enseignements\/\"><strong>Enseignements<\/strong><\/a><\/td><td class=\"has-text-align-center\" data-align=\"center\"><a href=\"http:\/\/www.taglioni.net\/cms\/parcours\"><strong>Parcours<\/strong><\/a><\/td><\/tr><\/tbody><\/table><\/figure>\n\n\n\n<p> <\/p>\n\n\n\n<p><\/p>\n","protected":false},"excerpt":{"rendered":"<p>Universit\u00e9 de La R\u00e9union Activit\u00e9s scientifiques Enseignements Parcours<\/p>\n","protected":false},"author":1,"featured_media":0,"parent":0,"menu_order":0,"comment_status":"closed","ping_status":"closed","template":"","meta":{"footnotes":""},"class_list":["post-10","page","type-page","status-publish","hentry","entry"],"_links":{"self":[{"href":"http:\/\/www.taglioni.net\/cms\/wp-json\/wp\/v2\/pages\/10","targetHints":{"allow":["GET"]}}],"collection":[{"href":"http:\/\/www.taglioni.net\/cms\/wp-json\/wp\/v2\/pages"}],"about":[{"href":"http:\/\/www.taglioni.net\/cms\/wp-json\/wp\/v2\/types\/page"}],"author":[{"embeddable":true,"href":"http:\/\/www.taglioni.net\/cms\/wp-json\/wp\/v2\/users\/1"}],"replies":[{"embeddable":true,"href":"http:\/\/www.taglioni.net\/cms\/wp-json\/wp\/v2\/comments?post=10"}],"version-history":[{"count":14,"href":"http:\/\/www.taglioni.net\/cms\/wp-json\/wp\/v2\/pages\/10\/revisions"}],"predecessor-version":[{"id":136,"href":"http:\/\/www.taglioni.net\/cms\/wp-json\/wp\/v2\/pages\/10\/revisions\/136"}],"wp:attachment":[{"href":"http:\/\/www.taglioni.net\/cms\/wp-json\/wp\/v2\/media?parent=10"}],"curies":[{"name":"wp","href":"https:\/\/api.w.org\/{rel}","templated":true}]}}